{"id":113,"date":"2025-07-30T19:55:43","date_gmt":"2025-07-30T19:55:43","guid":{"rendered":"https:\/\/avidaluxstudio.com\/?page_id=113"},"modified":"2025-07-31T09:21:42","modified_gmt":"2025-07-31T09:21:42","slug":"servicios","status":"publish","type":"page","link":"https:\/\/avidaluxstudio.com\/en\/servicios\/","title":{"rendered":"Services"},"content":{"rendered":"<p>[et_pb_section fb_built=\u00bb1\u2033 fullwidth=\u00bbon\u00bb theme_builder_area=\u00bbpost_content\u00bb _builder_version=\u00bb4.27.4\u2033 _module_preset=\u00bbdefault\u00bb][et_pb_fullwidth_post_title _builder_version=\u00bb4.27.4\u2033 _module_preset=\u00bbdefault\u00bb theme_builder_area=\u201dpost_content\u201d hover_enabled=\u201d0\u2033 sticky_enabled=\u201d0\u2033 meta=\u201doff\u201d][\/et_pb_fullwidth_post_title][\/et_pb_section][et_pb_section fb_built=\u201d1\u2033 theme_builder_area=\u201dpost_content\u201d _builder_version=\u201d4.27.4\u2033 _module_preset=\u00bbdefault\u00bb custom_padding=\u00bb1px|||||\u00bb title_text=\u00bbFrame 24\u2033 background_image=\u00bbhttp:\/\/avidaluxstudio.com\/wp-content\/uploads\/2025\/07\/Frame-24-scaled.png\u00bb parallax=\u00bbon\u00bb hover_enabled=\u00bb0\u2033 sticky_enabled=\u00bb0\u2033][et_pb_row _builder_version=\u00bb4.27.4\u2033 _module_preset=\u00bbdefault\u00bb theme_builder_area=\u00bbpost_content\u00bb custom_padding=\u00bb6px|||||\u00bb][et_pb_column _builder_version=\u00bb4.27.4\u2033 _module_preset=\u00bbdefault\u00bb type=\u00bb4_4\u2033 theme_builder_area=\u00bbpost_content\u00bb][et_pb_text _builder_version=\u00bb4.27.4\u2033 _module_preset=\u00bbdefault\u00bb theme_builder_area=\u00bbpost_content\u00bb hover_enabled=\u00bb0\u2033 sticky_enabled=\u00bb0\u2033 custom_margin=\u00bb-3px||-4px|||\u00bb]<\/p>\n<p data-start=\"509\" data-end=\"858\">At Avidalulx we offer a complete audiovisual service that covers the entire creative and technical process: <strong data-start=\"639\" data-end=\"716\">Concept, script, filming, editing, post-production and corporate photography<\/strong>Each project is tailored to your company&#039;s communication needs, ensuring a professional result aligned with your objectives.<\/p>\n<p data-start=\"860\" data-end=\"1060\">From <strong data-start=\"866\" data-end=\"887\">corporate video<\/strong> and <strong data-start=\"890\" data-end=\"907\">institutional<\/strong> up to content for <strong data-start=\"930\" data-end=\"948\">social networks<\/strong> either <strong data-start=\"951\" data-end=\"977\">promotional campaigns<\/strong>We design productions that generate real impact and help your brand stand out.<\/p>\n<p data-start=\"1062\" data-end=\"1072\">[\/et_pb_text][\/et_pb_column][\/et_pb_row][et_pb_row _builder_version=\u00bb4.27.4\u2033 _module_preset=\u00bbdefault\u00bb theme_builder_area=\u00bbpost_content\u00bb custom_padding=\u00bb2px|||||\u00bb hover_enabled=\u00bb0\u2033 sticky_enabled=\u00bb0\u2033][et_pb_column _builder_version=\u00bb4.27.4\u2033 _module_preset=\u00bbdefault\u00bb type=\u00bb4_4\u2033 theme_builder_area=\u00bbpost_content\u00bb][et_pb_portfolio _builder_version=\u00bb4.27.4\u2033 _module_preset=\u00bbdefault\u00bb theme_builder_area=\u00bbpost_content\u00bb fullwidth=\u00bboff\u00bb border_radii_image=\u00bbon|20px|20px|20px|20px\u00bb border_color_bottom_image=\u00bb#EE3725\u2033 border_width_bottom_image=\u00bb5px\u00bb hover_icon=\u00bb?||divi||400\u2033 hover_enabled=\u201d0\u2033 sticky_enabled=\u201d0\u2033 title_font_size=\u201d16px\u201d][\/et_pb_portfolio][\/et_pb_column][\/et_pb_row][\/et_pb_section]<\/p>","protected":false},"excerpt":{"rendered":"<p>At Avidalulx, we offer a complete audiovisual service that covers the entire creative and technical process: concept, script, filming, editing, post-production, and corporate photography. Each project is tailored to your company&#039;s communication needs, ensuring a professional result aligned with your objectives. From corporate and institutional videos to content for social media or [\u2026]<\/p>","protected":false},"author":1,"featured_media":0,"parent":0,"menu_order":0,"comment_status":"closed","ping_status":"closed","template":"","meta":{"_acf_changed":false,"_et_pb_use_builder":"on","_et_pb_old_content":"<!-- wp:query {\"queryId\":43,\"query\":{\"perPage\":10,\"pages\":0,\"offset\":0,\"postType\":\"project\",\"order\":\"desc\",\"orderBy\":\"date\",\"author\":\"\",\"search\":\"\",\"exclude\":[],\"sticky\":\"\",\"inherit\":false,\"parents\":[],\"format\":[]}} -->\n<div class=\"wp-block-query\"><!-- wp:post-template {\"layout\":{\"type\":\"grid\",\"columnCount\":3}} -->\n<!-- wp:post-featured-image \/-->\n\n<!-- wp:post-title {\"isLink\":true} \/-->\n\n<!-- wp:post-excerpt {\"showMoreOnNewLine\":false,\"excerptLength\":46} \/-->\n<!-- \/wp:post-template -->\n\n<!-- wp:query-pagination -->\n<!-- wp:query-pagination-previous \/-->\n\n<!-- wp:query-pagination-numbers \/-->\n\n<!-- wp:query-pagination-next \/-->\n<!-- \/wp:query-pagination -->\n\n<!-- wp:query-no-results -->\n<!-- wp:paragraph {\"placeholder\":\"A\u00f1ade texto o bloques que se mostrar\u00e1n cuando la consulta no devuelva ning\u00fan resultado.\"} -->\n<p><\/p>\n<!-- \/wp:paragraph -->\n<!-- \/wp:query-no-results --><\/div>\n<!-- \/wp:query -->","_et_gb_content_width":"","footnotes":""},"class_list":["post-113","page","type-page","status-publish","hentry"],"acf":[],"aioseo_notices":[],"_links":{"self":[{"href":"https:\/\/avidaluxstudio.com\/en\/wp-json\/wp\/v2\/pages\/113","targetHints":{"allow":["GET"]}}],"collection":[{"href":"https:\/\/avidaluxstudio.com\/en\/wp-json\/wp\/v2\/pages"}],"about":[{"href":"https:\/\/avidaluxstudio.com\/en\/wp-json\/wp\/v2\/types\/page"}],"author":[{"embeddable":true,"href":"https:\/\/avidaluxstudio.com\/en\/wp-json\/wp\/v2\/users\/1"}],"replies":[{"embeddable":true,"href":"https:\/\/avidaluxstudio.com\/en\/wp-json\/wp\/v2\/comments?post=113"}],"version-history":[{"count":11,"href":"https:\/\/avidaluxstudio.com\/en\/wp-json\/wp\/v2\/pages\/113\/revisions"}],"predecessor-version":[{"id":165,"href":"https:\/\/avidaluxstudio.com\/en\/wp-json\/wp\/v2\/pages\/113\/revisions\/165"}],"wp:attachment":[{"href":"https:\/\/avidaluxstudio.com\/en\/wp-json\/wp\/v2\/media?parent=113"}],"curies":[{"name":"wp","href":"https:\/\/api.w.org\/{rel}","templated":true}]}}